{"id":1500,"date":"2017-02-15T12:15:30","date_gmt":"2017-02-15T11:15:30","guid":{"rendered":"https:\/\/gascogne-camping.fr\/?page_id=1500\/"},"modified":"2025-02-24T11:27:10","modified_gmt":"2025-02-24T10:27:10","slug":"aux-memes","status":"publish","type":"page","link":"https:\/\/gascogne-camping.fr\/nl\/aux-memes\/","title":{"rendered":"Aux M\u00eames"},"content":{"rendered":"<div id=\"dslc-theme-content\"><div id=\"dslc-theme-content-inner\"><h2 style=\"text-align: left;\">Aux M\u00eames - Over ons<\/h2>\n<div class=\"threecol-two\">\n<p><span class=\"tlid-translation translation\" lang=\"nl\"><span class=\"\" title=\"\">In 2003 zijn we naar Frankrijk verhuisd om onze camping in Aux M\u00eames te cre\u00ebren, ooit een typische boerderij uit de Gascogne. <\/span><\/span>Het ligt vlakbij het dorpje Bellegarde in het departement van de Gers. De Gers is een van de dertien departementen van de Occitanie, die is net ten zuiden van de Dordogne.<\/p>\n<p>'Aux M\u00eames' niet goed te vertalen bestelt de oude Occitaans naam \u2018Los Memo\u2019s\u2019 of in het Nederlandse \u2018de herinneringen\u2019 is meer betekenis.<\/p>\n<p>De heuvel boerderijen en camping hebben allemaal uitzicht op de Pyrenee\u00ebn en het omliggende platteland en zijn gelegen in een 10 hectare (22 hectare) van glooiende akkers. Het grootste deel van het land van Aux M\u00eames is nog steeds gekweekt vandaag, de rest is samengesteld uit verschillende houtsoorten en een kleine wijngaard.<\/p>\n<p>Ons doel is om Zorg voor een ontspannen vriendelijke omgeving waar iedereen kan genieten van een stress-vrij pauze en mee naar huis nemen prachtige herinneringen deel van hun eigen.<\/p>\n<p>Campers en caravaners Onszelf we-hebben geprobeerd om alle beste eigenschappen en meer, van de websites die wij hebben bezocht gedurende vele jaren Verwerk.<\/p>\n<p>We zijn trots op de kwaliteit en netheid van onze faciliteiten en we zijn voortdurend actualiseren en verbeteren van dans le gezellige sfeer van een website met minder dan 30 plaatsen.<\/p>\n<p>Vanaf juni hebben we een ruime keuze aan lokale Franse wijnen en bieren op de tap, die we met trots serveren.<br \/>\nKunt u terecht op de rest van onze website Dan kom en bezoek ons!<\/p>\n<p>Peter &amp; Janet<\/p>\n<\/div>\n<div class=\"threecol-one last\">\n<p><iframe loading=\"lazy\" title=\"Camping Aux M\u00eames\" width=\"500\" height=\"281\" src=\"https:\/\/www.youtube.com\/embed\/7JqdT_-acUE?feature=oembed\" frameborder=\"0\" allow=\"accelerometer; autoplay; clipboard-write; encrypted-media; gyroscope; picture-in-picture; web-share\" referrerpolicy=\"strict-origin-when-cross-origin\" allowfullscreen><\/iframe><\/p>\n<div id=\"attachment_1308\" style=\"width: 310px\" class=\"wp-caption alignnone\"><img loading=\"lazy\" decoding=\"async\" aria-describedby=\"caption-attachment-1308\" class=\"wp-image-1308 size-medium\" src=\"http:\/\/gascogne-camping.fr\/wp-content\/uploads\/SLR_2104_001-Entrance-2mb-300x200.jpg\" alt=\"Camping Aux M\u00eames\" width=\"300\" height=\"200\" srcset=\"https:\/\/gascogne-camping.fr\/wp-content\/uploads\/SLR_2104_001-Entrance-2mb-300x200.jpg 300w, https:\/\/gascogne-camping.fr\/wp-content\/uploads\/SLR_2104_001-Entrance-2mb-768x513.jpg 768w, https:\/\/gascogne-camping.fr\/wp-content\/uploads\/SLR_2104_001-Entrance-2mb-1200x801.jpg 1200w, https:\/\/gascogne-camping.fr\/wp-content\/uploads\/SLR_2104_001-Entrance-2mb.jpg 1600w\" sizes=\"auto, (max-width: 300px) 100vw, 300px\" \/><p id=\"caption-attachment-1308\" class=\"wp-caption-text\">Camping Aux M\u00eames<\/p><\/div>\n<div id=\"attachment_283\" style=\"width: 310px\" class=\"wp-caption alignnone\"><img loading=\"lazy\" decoding=\"async\" aria-describedby=\"caption-attachment-283\" class=\"wp-image-283 size-medium\" src=\"http:\/\/gascogne-camping.fr\/wp-content\/uploads\/2015\/01\/gite21-300x225.jpg\" alt=\"Aux M\u00eames g\u00eete\" width=\"300\" height=\"225\" \/><p id=\"caption-attachment-283\" class=\"wp-caption-text\">Aux M\u00eames g\u00eete<\/p><\/div>\n<\/div><div class=\"clear\"><\/div>\n<h2 style=\"text-align: left;\">Het Team<\/h2>\n<p><img loading=\"lazy\" decoding=\"async\" class=\"alignnone wp-image-4768 size-medium\" src=\"https:\/\/gascogne-camping.fr\/wp-content\/uploads\/DSC0182-1024x680-1-199x300.jpg\" alt=\"\" width=\"199\" height=\"300\" srcset=\"https:\/\/gascogne-camping.fr\/wp-content\/uploads\/DSC0182-1024x680-1-199x300.jpg 199w, https:\/\/gascogne-camping.fr\/wp-content\/uploads\/DSC0182-1024x680-1-rotated.jpg 680w\" sizes=\"auto, (max-width: 199px) 100vw, 199px\" \/><\/p>\n<div id=\"attachment_3850\" style=\"width: 310px\" class=\"wp-caption aligncenter\"><a href=\"http:\/\/gascogne-camping.fr\/wp-content\/uploads\/ej01.jpg\"><img loading=\"lazy\" decoding=\"async\" aria-describedby=\"caption-attachment-3850\" class=\"wp-image-3850 size-medium\" src=\"http:\/\/gascogne-camping.fr\/wp-content\/uploads\/ej01-300x225.jpg\" alt=\"Barry &amp; Zoe\" width=\"300\" height=\"225\" srcset=\"https:\/\/gascogne-camping.fr\/wp-content\/uploads\/ej01-300x225.jpg 300w, https:\/\/gascogne-camping.fr\/wp-content\/uploads\/ej01-768x576.jpg 768w, https:\/\/gascogne-camping.fr\/wp-content\/uploads\/ej01-1200x900.jpg 1200w\" sizes=\"auto, (max-width: 300px) 100vw, 300px\" \/><\/a><p id=\"caption-attachment-3850\" class=\"wp-caption-text\">Barry &amp; Zoe<\/p><\/div>\n<\/div><\/div>","protected":false},"excerpt":{"rendered":"<p>Aux M\u00eames - Over ons Het Team<\/p>\n","protected":false},"author":2,"featured_media":0,"parent":0,"menu_order":0,"comment_status":"closed","ping_status":"closed","template":"","meta":{"footnotes":""},"class_list":["post-1500","page","type-page","status-publish","hentry"],"yoast_head":"<!-- This site is optimized with the Yoast SEO plugin v26.7 - https:\/\/yoast.com\/wordpress\/plugins\/seo\/ -->\n<title>Aux M\u00eames - Camping Aux M\u00eames<\/title>\n<meta name=\"robots\" content=\"index, follow, max-snippet:-1, max-image-preview:large, max-video-preview:-1\" \/>\n<link rel=\"canonical\" href=\"https:\/\/gascogne-camping.fr\/nl\/aux-memes\/\" \/>\n<meta property=\"og:locale\" content=\"nl_NL\" \/>\n<meta property=\"og:type\" content=\"article\" \/>\n<meta property=\"og:title\" content=\"Aux M\u00eames - Camping Aux M\u00eames\" \/>\n<meta property=\"og:description\" content=\"Aux M\u00eames - Over ons Het Team\" \/>\n<meta property=\"og:url\" content=\"https:\/\/gascogne-camping.fr\/nl\/aux-memes\/\" \/>\n<meta property=\"og:site_name\" content=\"Camping Aux M\u00eames\" \/>\n<meta property=\"article:publisher\" content=\"https:\/\/www.facebook.com\/Camping.Aux.Memes\" \/>\n<meta property=\"article:modified_time\" content=\"2025-02-24T10:27:10+00:00\" \/>\n<meta property=\"og:image\" content=\"https:\/\/gascogne-camping.fr\/wp-content\/uploads\/SLR_2104_001-Entrance-2mb-1200x801.jpg\" \/>\n\t<meta property=\"og:image:width\" content=\"1200\" \/>\n\t<meta property=\"og:image:height\" content=\"801\" \/>\n\t<meta property=\"og:image:type\" content=\"image\/jpeg\" \/>\n<meta name=\"twitter:label1\" content=\"Geschatte leestijd\" \/>\n\t<meta name=\"twitter:data1\" content=\"3 minuten\" \/>\n<script type=\"application\/ld+json\" class=\"yoast-schema-graph\">{\"@context\":\"https:\/\/schema.org\",\"@graph\":[{\"@type\":\"WebPage\",\"@id\":\"https:\/\/gascogne-camping.fr\/nl\/aux-memes\/\",\"url\":\"https:\/\/gascogne-camping.fr\/nl\/aux-memes\/\",\"name\":\"Aux M\u00eames - Camping Aux M\u00eames\",\"isPartOf\":{\"@id\":\"https:\/\/gascogne-camping.fr\/nl\/#website\"},\"primaryImageOfPage\":{\"@id\":\"https:\/\/gascogne-camping.fr\/nl\/aux-memes\/#primaryimage\"},\"image\":{\"@id\":\"https:\/\/gascogne-camping.fr\/nl\/aux-memes\/#primaryimage\"},\"thumbnailUrl\":\"http:\/\/gascogne-camping.fr\/wp-content\/uploads\/SLR_2104_001-Entrance-2mb-300x200.jpg\",\"datePublished\":\"2017-02-15T11:15:30+00:00\",\"dateModified\":\"2025-02-24T10:27:10+00:00\",\"breadcrumb\":{\"@id\":\"https:\/\/gascogne-camping.fr\/nl\/aux-memes\/#breadcrumb\"},\"inLanguage\":\"nl-NL\",\"potentialAction\":[{\"@type\":\"ReadAction\",\"target\":[\"https:\/\/gascogne-camping.fr\/nl\/aux-memes\/\"]}]},{\"@type\":\"ImageObject\",\"inLanguage\":\"nl-NL\",\"@id\":\"https:\/\/gascogne-camping.fr\/nl\/aux-memes\/#primaryimage\",\"url\":\"http:\/\/gascogne-camping.fr\/wp-content\/uploads\/SLR_2104_001-Entrance-2mb-300x200.jpg\",\"contentUrl\":\"http:\/\/gascogne-camping.fr\/wp-content\/uploads\/SLR_2104_001-Entrance-2mb-300x200.jpg\"},{\"@type\":\"BreadcrumbList\",\"@id\":\"https:\/\/gascogne-camping.fr\/nl\/aux-memes\/#breadcrumb\",\"itemListElement\":[{\"@type\":\"ListItem\",\"position\":1,\"name\":\"Home\",\"item\":\"https:\/\/gascogne-camping.fr\/nl\/\"},{\"@type\":\"ListItem\",\"position\":2,\"name\":\"Aux M\u00eames\"}]},{\"@type\":\"WebSite\",\"@id\":\"https:\/\/gascogne-camping.fr\/nl\/#website\",\"url\":\"https:\/\/gascogne-camping.fr\/nl\/\",\"name\":\"Camping Aux M\u00eames\",\"description\":\"Family run Campsite in Gascony\",\"publisher\":{\"@id\":\"https:\/\/gascogne-camping.fr\/nl\/#organization\"},\"potentialAction\":[{\"@type\":\"SearchAction\",\"target\":{\"@type\":\"EntryPoint\",\"urlTemplate\":\"https:\/\/gascogne-camping.fr\/nl\/?s={search_term_string}\"},\"query-input\":{\"@type\":\"PropertyValueSpecification\",\"valueRequired\":true,\"valueName\":\"search_term_string\"}}],\"inLanguage\":\"nl-NL\"},{\"@type\":\"Organization\",\"@id\":\"https:\/\/gascogne-camping.fr\/nl\/#organization\",\"name\":\"Camping Aux M\u00eames\",\"url\":\"https:\/\/gascogne-camping.fr\/nl\/\",\"logo\":{\"@type\":\"ImageObject\",\"inLanguage\":\"nl-NL\",\"@id\":\"https:\/\/gascogne-camping.fr\/nl\/#\/schema\/logo\/image\/\",\"url\":\"https:\/\/gascogne-camping.fr\/wp-content\/uploads\/2015\/01\/logo.jpg\",\"contentUrl\":\"https:\/\/gascogne-camping.fr\/wp-content\/uploads\/2015\/01\/logo.jpg\",\"width\":1146,\"height\":200,\"caption\":\"Camping Aux M\u00eames\"},\"image\":{\"@id\":\"https:\/\/gascogne-camping.fr\/nl\/#\/schema\/logo\/image\/\"},\"sameAs\":[\"https:\/\/www.facebook.com\/Camping.Aux.Memes\"]}]}<\/script>\n<!-- \/ Yoast SEO plugin. -->","yoast_head_json":{"title":"Aux M\u00eames - Camping Aux M\u00eames","robots":{"index":"index","follow":"follow","max-snippet":"max-snippet:-1","max-image-preview":"max-image-preview:large","max-video-preview":"max-video-preview:-1"},"canonical":"https:\/\/gascogne-camping.fr\/nl\/aux-memes\/","og_locale":"nl_NL","og_type":"article","og_title":"Aux M\u00eames - Camping Aux M\u00eames","og_description":"Aux M\u00eames - Over ons Het Team","og_url":"https:\/\/gascogne-camping.fr\/nl\/aux-memes\/","og_site_name":"Camping Aux M\u00eames","article_publisher":"https:\/\/www.facebook.com\/Camping.Aux.Memes","article_modified_time":"2025-02-24T10:27:10+00:00","og_image":[{"width":1200,"height":801,"url":"https:\/\/gascogne-camping.fr\/wp-content\/uploads\/SLR_2104_001-Entrance-2mb-1200x801.jpg","type":"image\/jpeg"}],"twitter_misc":{"Geschatte leestijd":"3 minuten"},"schema":{"@context":"https:\/\/schema.org","@graph":[{"@type":"WebPage","@id":"https:\/\/gascogne-camping.fr\/nl\/aux-memes\/","url":"https:\/\/gascogne-camping.fr\/nl\/aux-memes\/","name":"Aux M\u00eames - Camping Aux M\u00eames","isPartOf":{"@id":"https:\/\/gascogne-camping.fr\/nl\/#website"},"primaryImageOfPage":{"@id":"https:\/\/gascogne-camping.fr\/nl\/aux-memes\/#primaryimage"},"image":{"@id":"https:\/\/gascogne-camping.fr\/nl\/aux-memes\/#primaryimage"},"thumbnailUrl":"http:\/\/gascogne-camping.fr\/wp-content\/uploads\/SLR_2104_001-Entrance-2mb-300x200.jpg","datePublished":"2017-02-15T11:15:30+00:00","dateModified":"2025-02-24T10:27:10+00:00","breadcrumb":{"@id":"https:\/\/gascogne-camping.fr\/nl\/aux-memes\/#breadcrumb"},"inLanguage":"nl-NL","potentialAction":[{"@type":"ReadAction","target":["https:\/\/gascogne-camping.fr\/nl\/aux-memes\/"]}]},{"@type":"ImageObject","inLanguage":"nl-NL","@id":"https:\/\/gascogne-camping.fr\/nl\/aux-memes\/#primaryimage","url":"http:\/\/gascogne-camping.fr\/wp-content\/uploads\/SLR_2104_001-Entrance-2mb-300x200.jpg","contentUrl":"http:\/\/gascogne-camping.fr\/wp-content\/uploads\/SLR_2104_001-Entrance-2mb-300x200.jpg"},{"@type":"BreadcrumbList","@id":"https:\/\/gascogne-camping.fr\/nl\/aux-memes\/#breadcrumb","itemListElement":[{"@type":"ListItem","position":1,"name":"Home","item":"https:\/\/gascogne-camping.fr\/nl\/"},{"@type":"ListItem","position":2,"name":"Aux M\u00eames"}]},{"@type":"WebSite","@id":"https:\/\/gascogne-camping.fr\/nl\/#website","url":"https:\/\/gascogne-camping.fr\/nl\/","name":"Camping Aux M\u00eames","description":"Family run Campsite in Gascony","publisher":{"@id":"https:\/\/gascogne-camping.fr\/nl\/#organization"},"potentialAction":[{"@type":"SearchAction","target":{"@type":"EntryPoint","urlTemplate":"https:\/\/gascogne-camping.fr\/nl\/?s={search_term_string}"},"query-input":{"@type":"PropertyValueSpecification","valueRequired":true,"valueName":"search_term_string"}}],"inLanguage":"nl-NL"},{"@type":"Organization","@id":"https:\/\/gascogne-camping.fr\/nl\/#organization","name":"Camping Aux M\u00eames","url":"https:\/\/gascogne-camping.fr\/nl\/","logo":{"@type":"ImageObject","inLanguage":"nl-NL","@id":"https:\/\/gascogne-camping.fr\/nl\/#\/schema\/logo\/image\/","url":"https:\/\/gascogne-camping.fr\/wp-content\/uploads\/2015\/01\/logo.jpg","contentUrl":"https:\/\/gascogne-camping.fr\/wp-content\/uploads\/2015\/01\/logo.jpg","width":1146,"height":200,"caption":"Camping Aux M\u00eames"},"image":{"@id":"https:\/\/gascogne-camping.fr\/nl\/#\/schema\/logo\/image\/"},"sameAs":["https:\/\/www.facebook.com\/Camping.Aux.Memes"]}]}},"_links":{"self":[{"href":"https:\/\/gascogne-camping.fr\/nl\/wp-json\/wp\/v2\/pages\/1500","targetHints":{"allow":["GET"]}}],"collection":[{"href":"https:\/\/gascogne-camping.fr\/nl\/wp-json\/wp\/v2\/pages"}],"about":[{"href":"https:\/\/gascogne-camping.fr\/nl\/wp-json\/wp\/v2\/types\/page"}],"author":[{"embeddable":true,"href":"https:\/\/gascogne-camping.fr\/nl\/wp-json\/wp\/v2\/users\/2"}],"replies":[{"embeddable":true,"href":"https:\/\/gascogne-camping.fr\/nl\/wp-json\/wp\/v2\/comments?post=1500"}],"version-history":[{"count":13,"href":"https:\/\/gascogne-camping.fr\/nl\/wp-json\/wp\/v2\/pages\/1500\/revisions"}],"predecessor-version":[{"id":4946,"href":"https:\/\/gascogne-camping.fr\/nl\/wp-json\/wp\/v2\/pages\/1500\/revisions\/4946"}],"wp:attachment":[{"href":"https:\/\/gascogne-camping.fr\/nl\/wp-json\/wp\/v2\/media?parent=1500"}],"curies":[{"name":"wp","href":"https:\/\/api.w.org\/{rel}","templated":true}]}}