{"id":1482,"date":"2017-02-15T12:07:55","date_gmt":"2017-02-15T11:07:55","guid":{"rendered":"https:\/\/gascogne-camping.fr\/?page_id=1482\/"},"modified":"2025-10-27T10:09:01","modified_gmt":"2025-10-27T09:09:01","slug":"aux-memes","status":"publish","type":"page","link":"https:\/\/gascogne-camping.fr\/en\/aux-memes\/","title":{"rendered":"Aux M\u00eames"},"content":{"rendered":"<div id=\"dslc-theme-content\"><div id=\"dslc-theme-content-inner\"><h2 style=\"text-align: left;\">Aux M\u00eames - About us<\/h2>\n<div class=\"threecol-two\">\nWe moved to France in 2003 to create our campsite at Aux M\u00eames, once a typical Gascony farm. Aux M\u00eames lies near the village of Bellegarde in the Department of the Gers. The Gers is one of the thirteen Departments of the Occitanie region and is just south of the Dordogne.<\/p>\n<p>'Aux M\u00eames' doesn't translate well but the old Occitan name 'Los Memos' or in English 'the memories' is more meaningful.<\/p>\n<p>The hill-top farmhouses and campsite all have views of the Pyrenees and surrounding countryside and are set in 10 hectares (22 acres) of rolling farmland. Most of the land at Aux M\u00eames is still farmed today, the rest being made up of several woods and a small vineyard.<\/p>\n<p>Our aim is to provide a relaxed friendly environment where everyone can enjoy a stress free break and take home some wonderful memories of their own.<\/p>\n<p>As campers and caravaners ourselves we have tried to incorporate all the best attributes and more of the sites we've visited over many years.<\/p>\n<p>We pride ourselves on the quality and cleanliness of our facilities. We are constantly updating and improving within the cosy atmosphere of a site with less than 30 pitches.<\/p>\n<p>From June we serve hot and cold drinks with a good selection of local French wines and beers on draught.<\/p>\n<p>Please visit the rest of our site then come and visit us!<\/p>\n<p>Peter &amp; Janet<\/p>\n<\/div>\n<div class=\"threecol-one last\">\n<p><iframe loading=\"lazy\" title=\"Camping Aux M\u00eames\" width=\"500\" height=\"281\" src=\"https:\/\/www.youtube.com\/embed\/7JqdT_-acUE?feature=oembed\" frameborder=\"0\" allow=\"accelerometer; autoplay; clipboard-write; encrypted-media; gyroscope; picture-in-picture; web-share\" referrerpolicy=\"strict-origin-when-cross-origin\" allowfullscreen><\/iframe><\/p>\n<p><img loading=\"lazy\" decoding=\"async\" width=\"300\" height=\"200\" class=\"wp-image-1430 size-medium\" src=\"http:\/\/gascogne-camping.fr\/wp-content\/uploads\/SLR_2104_001-Entrance-sml-300x200.jpg\" alt=\"&quot;&lt;yoastmark\" srcset=\"https:\/\/gascogne-camping.fr\/wp-content\/uploads\/SLR_2104_001-Entrance-sml-300x200.jpg 300w, https:\/\/gascogne-camping.fr\/wp-content\/uploads\/SLR_2104_001-Entrance-sml-768x513.jpg 768w, https:\/\/gascogne-camping.fr\/wp-content\/uploads\/SLR_2104_001-Entrance-sml-1200x801.jpg 1200w, https:\/\/gascogne-camping.fr\/wp-content\/uploads\/SLR_2104_001-Entrance-sml.jpg 1805w\" sizes=\"auto, (max-width: 300px) 100vw, 300px\" \/><\/p>\n<p><img loading=\"lazy\" decoding=\"async\" width=\"300\" height=\"225\" class=\"wp-image-283 size-medium\" src=\"http:\/\/gascogne-camping.fr\/wp-content\/uploads\/2015\/01\/gite21-300x225.jpg\" alt=\"&quot;&lt;yoastmark\" \/><\/p>\n<\/div><div class=\"clear\"><\/div>\n<h2 style=\"text-align: left;\">The Team<\/h2>\n<div id=\"attachment_4767\" style=\"width: 209px\" class=\"wp-caption alignnone\"><img loading=\"lazy\" decoding=\"async\" aria-describedby=\"caption-attachment-4767\" class=\"wp-image-4767 size-medium\" src=\"http:\/\/gascogne-camping.fr\/wp-content\/uploads\/DSC0182-1024x680-1-199x300.jpg\" alt=\"Peter &amp; Janet\" width=\"199\" height=\"300\" srcset=\"https:\/\/gascogne-camping.fr\/wp-content\/uploads\/DSC0182-1024x680-1-199x300.jpg 199w, https:\/\/gascogne-camping.fr\/wp-content\/uploads\/DSC0182-1024x680-1-rotated.jpg 680w\" sizes=\"auto, (max-width: 199px) 100vw, 199px\" \/><p id=\"caption-attachment-4767\" class=\"wp-caption-text\">Peter &amp; Janet<\/p><\/div>\n<div id=\"attachment_3849\" style=\"width: 310px\" class=\"wp-caption aligncenter\"><a href=\"http:\/\/gascogne-camping.fr\/wp-content\/uploads\/ej01.jpg\"><img loading=\"lazy\" decoding=\"async\" aria-describedby=\"caption-attachment-3849\" class=\"wp-image-3849 size-medium\" src=\"http:\/\/gascogne-camping.fr\/wp-content\/uploads\/ej01-300x225.jpg\" alt=\"Barry &amp; Zoe\" width=\"300\" height=\"225\" srcset=\"https:\/\/gascogne-camping.fr\/wp-content\/uploads\/ej01-300x225.jpg 300w, https:\/\/gascogne-camping.fr\/wp-content\/uploads\/ej01-768x576.jpg 768w, https:\/\/gascogne-camping.fr\/wp-content\/uploads\/ej01-1200x900.jpg 1200w\" sizes=\"auto, (max-width: 300px) 100vw, 300px\" \/><\/a><p id=\"caption-attachment-3849\" class=\"wp-caption-text\">Barry &amp; Zoe<\/p><\/div>\n<\/div><\/div>","protected":false},"excerpt":{"rendered":"<p>Aux M\u00eames - About us The Team<\/p>\n","protected":false},"author":2,"featured_media":0,"parent":0,"menu_order":0,"comment_status":"closed","ping_status":"closed","template":"","meta":{"footnotes":""},"class_list":["post-1482","page","type-page","status-publish","hentry"],"yoast_head":"<!-- This site is optimized with the Yoast SEO plugin v26.7 - https:\/\/yoast.com\/wordpress\/plugins\/seo\/ -->\n<title>Aux M\u00eames - Camping Aux M\u00eames<\/title>\n<meta name=\"robots\" content=\"index, follow, max-snippet:-1, max-image-preview:large, max-video-preview:-1\" \/>\n<link rel=\"canonical\" href=\"https:\/\/gascogne-camping.fr\/en\/aux-memes\/\" \/>\n<meta property=\"og:locale\" content=\"en_US\" \/>\n<meta property=\"og:type\" content=\"article\" \/>\n<meta property=\"og:title\" content=\"Aux M\u00eames - Camping Aux M\u00eames\" \/>\n<meta property=\"og:description\" content=\"Aux M\u00eames - About us The Team\" \/>\n<meta property=\"og:url\" content=\"https:\/\/gascogne-camping.fr\/en\/aux-memes\/\" \/>\n<meta property=\"og:site_name\" content=\"Camping Aux M\u00eames\" \/>\n<meta property=\"article:publisher\" content=\"https:\/\/www.facebook.com\/Camping.Aux.Memes\" \/>\n<meta property=\"article:modified_time\" content=\"2025-10-27T09:09:01+00:00\" \/>\n<meta property=\"og:image\" content=\"https:\/\/gascogne-camping.fr\/wp-content\/uploads\/SLR_2104_001-Entrance-sml.jpg\" \/>\n\t<meta property=\"og:image:width\" content=\"1805\" \/>\n\t<meta property=\"og:image:height\" content=\"1205\" \/>\n\t<meta property=\"og:image:type\" content=\"image\/jpeg\" \/>\n<meta name=\"twitter:label1\" content=\"Est. reading time\" \/>\n\t<meta name=\"twitter:data1\" content=\"2 minutes\" \/>\n<script type=\"application\/ld+json\" class=\"yoast-schema-graph\">{\"@context\":\"https:\/\/schema.org\",\"@graph\":[{\"@type\":\"WebPage\",\"@id\":\"https:\/\/gascogne-camping.fr\/en\/aux-memes\/\",\"url\":\"https:\/\/gascogne-camping.fr\/en\/aux-memes\/\",\"name\":\"Aux M\u00eames - Camping Aux M\u00eames\",\"isPartOf\":{\"@id\":\"https:\/\/gascogne-camping.fr\/en\/#website\"},\"primaryImageOfPage\":{\"@id\":\"https:\/\/gascogne-camping.fr\/en\/aux-memes\/#primaryimage\"},\"image\":{\"@id\":\"https:\/\/gascogne-camping.fr\/en\/aux-memes\/#primaryimage\"},\"thumbnailUrl\":\"http:\/\/gascogne-camping.fr\/wp-content\/uploads\/SLR_2104_001-Entrance-sml-300x200.jpg\",\"datePublished\":\"2017-02-15T11:07:55+00:00\",\"dateModified\":\"2025-10-27T09:09:01+00:00\",\"breadcrumb\":{\"@id\":\"https:\/\/gascogne-camping.fr\/en\/aux-memes\/#breadcrumb\"},\"inLanguage\":\"en-US\",\"potentialAction\":[{\"@type\":\"ReadAction\",\"target\":[\"https:\/\/gascogne-camping.fr\/en\/aux-memes\/\"]}]},{\"@type\":\"ImageObject\",\"inLanguage\":\"en-US\",\"@id\":\"https:\/\/gascogne-camping.fr\/en\/aux-memes\/#primaryimage\",\"url\":\"http:\/\/gascogne-camping.fr\/wp-content\/uploads\/SLR_2104_001-Entrance-sml-300x200.jpg\",\"contentUrl\":\"http:\/\/gascogne-camping.fr\/wp-content\/uploads\/SLR_2104_001-Entrance-sml-300x200.jpg\"},{\"@type\":\"BreadcrumbList\",\"@id\":\"https:\/\/gascogne-camping.fr\/en\/aux-memes\/#breadcrumb\",\"itemListElement\":[{\"@type\":\"ListItem\",\"position\":1,\"name\":\"Home\",\"item\":\"https:\/\/gascogne-camping.fr\/en\/\"},{\"@type\":\"ListItem\",\"position\":2,\"name\":\"Aux M\u00eames\"}]},{\"@type\":\"WebSite\",\"@id\":\"https:\/\/gascogne-camping.fr\/en\/#website\",\"url\":\"https:\/\/gascogne-camping.fr\/en\/\",\"name\":\"Camping Aux M\u00eames\",\"description\":\"Family run Campsite in Gascony\",\"publisher\":{\"@id\":\"https:\/\/gascogne-camping.fr\/en\/#organization\"},\"potentialAction\":[{\"@type\":\"SearchAction\",\"target\":{\"@type\":\"EntryPoint\",\"urlTemplate\":\"https:\/\/gascogne-camping.fr\/en\/?s={search_term_string}\"},\"query-input\":{\"@type\":\"PropertyValueSpecification\",\"valueRequired\":true,\"valueName\":\"search_term_string\"}}],\"inLanguage\":\"en-US\"},{\"@type\":\"Organization\",\"@id\":\"https:\/\/gascogne-camping.fr\/en\/#organization\",\"name\":\"Camping Aux M\u00eames\",\"url\":\"https:\/\/gascogne-camping.fr\/en\/\",\"logo\":{\"@type\":\"ImageObject\",\"inLanguage\":\"en-US\",\"@id\":\"https:\/\/gascogne-camping.fr\/en\/#\/schema\/logo\/image\/\",\"url\":\"https:\/\/gascogne-camping.fr\/wp-content\/uploads\/2015\/01\/logo.jpg\",\"contentUrl\":\"https:\/\/gascogne-camping.fr\/wp-content\/uploads\/2015\/01\/logo.jpg\",\"width\":1146,\"height\":200,\"caption\":\"Camping Aux M\u00eames\"},\"image\":{\"@id\":\"https:\/\/gascogne-camping.fr\/en\/#\/schema\/logo\/image\/\"},\"sameAs\":[\"https:\/\/www.facebook.com\/Camping.Aux.Memes\"]}]}<\/script>\n<!-- \/ Yoast SEO plugin. -->","yoast_head_json":{"title":"Aux M\u00eames - Camping Aux M\u00eames","robots":{"index":"index","follow":"follow","max-snippet":"max-snippet:-1","max-image-preview":"max-image-preview:large","max-video-preview":"max-video-preview:-1"},"canonical":"https:\/\/gascogne-camping.fr\/en\/aux-memes\/","og_locale":"en_US","og_type":"article","og_title":"Aux M\u00eames - Camping Aux M\u00eames","og_description":"Aux M\u00eames - About us The Team","og_url":"https:\/\/gascogne-camping.fr\/en\/aux-memes\/","og_site_name":"Camping Aux M\u00eames","article_publisher":"https:\/\/www.facebook.com\/Camping.Aux.Memes","article_modified_time":"2025-10-27T09:09:01+00:00","og_image":[{"width":1805,"height":1205,"url":"https:\/\/gascogne-camping.fr\/wp-content\/uploads\/SLR_2104_001-Entrance-sml.jpg","type":"image\/jpeg"}],"twitter_misc":{"Est. reading time":"2 minutes"},"schema":{"@context":"https:\/\/schema.org","@graph":[{"@type":"WebPage","@id":"https:\/\/gascogne-camping.fr\/en\/aux-memes\/","url":"https:\/\/gascogne-camping.fr\/en\/aux-memes\/","name":"Aux M\u00eames - Camping Aux M\u00eames","isPartOf":{"@id":"https:\/\/gascogne-camping.fr\/en\/#website"},"primaryImageOfPage":{"@id":"https:\/\/gascogne-camping.fr\/en\/aux-memes\/#primaryimage"},"image":{"@id":"https:\/\/gascogne-camping.fr\/en\/aux-memes\/#primaryimage"},"thumbnailUrl":"http:\/\/gascogne-camping.fr\/wp-content\/uploads\/SLR_2104_001-Entrance-sml-300x200.jpg","datePublished":"2017-02-15T11:07:55+00:00","dateModified":"2025-10-27T09:09:01+00:00","breadcrumb":{"@id":"https:\/\/gascogne-camping.fr\/en\/aux-memes\/#breadcrumb"},"inLanguage":"en-US","potentialAction":[{"@type":"ReadAction","target":["https:\/\/gascogne-camping.fr\/en\/aux-memes\/"]}]},{"@type":"ImageObject","inLanguage":"en-US","@id":"https:\/\/gascogne-camping.fr\/en\/aux-memes\/#primaryimage","url":"http:\/\/gascogne-camping.fr\/wp-content\/uploads\/SLR_2104_001-Entrance-sml-300x200.jpg","contentUrl":"http:\/\/gascogne-camping.fr\/wp-content\/uploads\/SLR_2104_001-Entrance-sml-300x200.jpg"},{"@type":"BreadcrumbList","@id":"https:\/\/gascogne-camping.fr\/en\/aux-memes\/#breadcrumb","itemListElement":[{"@type":"ListItem","position":1,"name":"Home","item":"https:\/\/gascogne-camping.fr\/en\/"},{"@type":"ListItem","position":2,"name":"Aux M\u00eames"}]},{"@type":"WebSite","@id":"https:\/\/gascogne-camping.fr\/en\/#website","url":"https:\/\/gascogne-camping.fr\/en\/","name":"Camping Aux M\u00eames","description":"Family run Campsite in Gascony","publisher":{"@id":"https:\/\/gascogne-camping.fr\/en\/#organization"},"potentialAction":[{"@type":"SearchAction","target":{"@type":"EntryPoint","urlTemplate":"https:\/\/gascogne-camping.fr\/en\/?s={search_term_string}"},"query-input":{"@type":"PropertyValueSpecification","valueRequired":true,"valueName":"search_term_string"}}],"inLanguage":"en-US"},{"@type":"Organization","@id":"https:\/\/gascogne-camping.fr\/en\/#organization","name":"Camping Aux M\u00eames","url":"https:\/\/gascogne-camping.fr\/en\/","logo":{"@type":"ImageObject","inLanguage":"en-US","@id":"https:\/\/gascogne-camping.fr\/en\/#\/schema\/logo\/image\/","url":"https:\/\/gascogne-camping.fr\/wp-content\/uploads\/2015\/01\/logo.jpg","contentUrl":"https:\/\/gascogne-camping.fr\/wp-content\/uploads\/2015\/01\/logo.jpg","width":1146,"height":200,"caption":"Camping Aux M\u00eames"},"image":{"@id":"https:\/\/gascogne-camping.fr\/en\/#\/schema\/logo\/image\/"},"sameAs":["https:\/\/www.facebook.com\/Camping.Aux.Memes"]}]}},"_links":{"self":[{"href":"https:\/\/gascogne-camping.fr\/en\/wp-json\/wp\/v2\/pages\/1482","targetHints":{"allow":["GET"]}}],"collection":[{"href":"https:\/\/gascogne-camping.fr\/en\/wp-json\/wp\/v2\/pages"}],"about":[{"href":"https:\/\/gascogne-camping.fr\/en\/wp-json\/wp\/v2\/types\/page"}],"author":[{"embeddable":true,"href":"https:\/\/gascogne-camping.fr\/en\/wp-json\/wp\/v2\/users\/2"}],"replies":[{"embeddable":true,"href":"https:\/\/gascogne-camping.fr\/en\/wp-json\/wp\/v2\/comments?post=1482"}],"version-history":[{"count":19,"href":"https:\/\/gascogne-camping.fr\/en\/wp-json\/wp\/v2\/pages\/1482\/revisions"}],"predecessor-version":[{"id":4992,"href":"https:\/\/gascogne-camping.fr\/en\/wp-json\/wp\/v2\/pages\/1482\/revisions\/4992"}],"wp:attachment":[{"href":"https:\/\/gascogne-camping.fr\/en\/wp-json\/wp\/v2\/media?parent=1482"}],"curies":[{"name":"wp","href":"https:\/\/api.w.org\/{rel}","templated":true}]}}